{"id":1082,"date":"2024-09-05T17:07:39","date_gmt":"2024-09-05T22:07:39","guid":{"rendered":"https:\/\/latipet.com\/?post_type=product&#038;p=1082"},"modified":"2024-09-26T11:32:37","modified_gmt":"2024-09-26T16:32:37","slug":"pets-ear-cleaner","status":"publish","type":"product","link":"https:\/\/latipet.com\/es\/producto\/pets-ear-cleaner\/","title":{"rendered":"Pets Ear Cleaner"},"content":{"rendered":"<p>Para perros y gatos.<\/p>\n<p>Limpiador de o\u00eddos para limpiezas frecuentes, que elimina de manera segura la cera (exudados, cerumen y otros desechos) que se acumula en el canal auditivo y los residuos, mientras reduce el olor para mantener las orejas de las mascotas limpias y saludables.<\/p>\n<p>Esta f\u00f3rmula de limpieza recomendada por veterinarios se seca r\u00e1pidamente para ayudar a reducir el exceso de humedad y prevenir infecciones en los o\u00eddos. Est\u00e1 indicada para la rutina de limpieza del o\u00eddo externo (canal auditivo externo y pabell\u00f3n auricular), especialmente despu\u00e9s del ba\u00f1o; ayuda a eliminar el agua atrapada en las orejas, lo que puede causar infecciones.<\/p>","protected":false},"excerpt":{"rendered":"<p>For dogs and cats. Ear cleaner for frequent cleanings, safely removes wax (exudates, cerumen and other debris) that accumulates in the ear canal and debris, while reducing odor to keep pets&#8217; ears clean and healthy. This veterinarian-recommended cleaning formula, dries quickly to help reduce excess moisture and prevent ear infections. It is indicated for the [&hellip;]<\/p>","protected":false},"featured_media":1393,"template":"","meta":[],"product_brand":[],"product_cat":[24],"product_tag":[],"class_list":{"0":"post-1082","1":"product","2":"type-product","3":"status-publish","4":"has-post-thumbnail","6":"product_cat-uncategorised","8":"first","9":"outofstock","10":"taxable","11":"shipping-taxable","12":"product-type-variable"},"_links":{"self":[{"href":"https:\/\/latipet.com\/es\/wp-json\/wp\/v2\/product\/1082","targetHints":{"allow":["GET"]}}],"collection":[{"href":"https:\/\/latipet.com\/es\/wp-json\/wp\/v2\/product"}],"about":[{"href":"https:\/\/latipet.com\/es\/wp-json\/wp\/v2\/types\/product"}],"version-history":[{"count":0,"href":"https:\/\/latipet.com\/es\/wp-json\/wp\/v2\/product\/1082\/revisions"}],"wp:featuredmedia":[{"embeddable":true,"href":"https:\/\/latipet.com\/es\/wp-json\/wp\/v2\/media\/1393"}],"wp:attachment":[{"href":"https:\/\/latipet.com\/es\/wp-json\/wp\/v2\/media?parent=1082"}],"wp:term":[{"taxonomy":"product_brand","embeddable":true,"href":"https:\/\/latipet.com\/es\/wp-json\/wp\/v2\/product_brand?post=1082"},{"taxonomy":"product_cat","embeddable":true,"href":"https:\/\/latipet.com\/es\/wp-json\/wp\/v2\/product_cat?post=1082"},{"taxonomy":"product_tag","embeddable":true,"href":"https:\/\/latipet.com\/es\/wp-json\/wp\/v2\/product_tag?post=1082"}],"curies":[{"name":"wp","href":"https:\/\/api.w.org\/{rel}","templated":true}]}}