{"id":1079,"date":"2024-09-05T17:05:47","date_gmt":"2024-09-05T22:05:47","guid":{"rendered":"https:\/\/latipet.com\/?post_type=product&#038;p=1079"},"modified":"2024-09-23T14:02:18","modified_gmt":"2024-09-23T19:02:18","slug":"finger-cotton","status":"publish","type":"product","link":"https:\/\/latipet.com\/es\/producto\/finger-cotton\/","title":{"rendered":"Finger Cotton"},"content":{"rendered":"<p class=\"translation-block\">Este algod\u00f3n en forma de dedo es una de las formas m\u00e1s seguras y f\u00e1ciles indicadas para limpiar los o\u00eddos, ojos, dientes de las mascotas y para la aplicaci\u00f3n t\u00f3pica de medicamentos. Suave y c\u00f3modo, no deja residuos de algod\u00f3n, se ajusta f\u00e1cilmente al dedo y es antideslizante. Es un producto de muy alta calidad y muy seguro para limpiar los o\u00eddos de las mascotas.<\/p>","protected":false},"excerpt":{"rendered":"<p class=\"translation-block\">Este algod\u00f3n en forma de dedo es una de las formas m\u00e1s seguras y f\u00e1ciles indicadas para limpiar los o\u00eddos, ojos, dientes de las mascotas y para la aplicaci\u00f3n t\u00f3pica de medicamentos. Suave y c\u00f3modo, no deja residuos de algod\u00f3n, se ajusta f\u00e1cilmente al dedo y es antideslizante. Es un producto de muy alta calidad y muy seguro para limpiar los o\u00eddos de las mascotas.<\/p>","protected":false},"featured_media":1332,"template":"","meta":[],"product_brand":[],"product_cat":[24],"product_tag":[],"class_list":{"0":"post-1079","1":"product","2":"type-product","3":"status-publish","4":"has-post-thumbnail","6":"product_cat-uncategorised","8":"first","9":"instock","10":"taxable","11":"shipping-taxable","12":"product-type-simple"},"_links":{"self":[{"href":"https:\/\/latipet.com\/es\/wp-json\/wp\/v2\/product\/1079","targetHints":{"allow":["GET"]}}],"collection":[{"href":"https:\/\/latipet.com\/es\/wp-json\/wp\/v2\/product"}],"about":[{"href":"https:\/\/latipet.com\/es\/wp-json\/wp\/v2\/types\/product"}],"version-history":[{"count":0,"href":"https:\/\/latipet.com\/es\/wp-json\/wp\/v2\/product\/1079\/revisions"}],"wp:featuredmedia":[{"embeddable":true,"href":"https:\/\/latipet.com\/es\/wp-json\/wp\/v2\/media\/1332"}],"wp:attachment":[{"href":"https:\/\/latipet.com\/es\/wp-json\/wp\/v2\/media?parent=1079"}],"wp:term":[{"taxonomy":"product_brand","embeddable":true,"href":"https:\/\/latipet.com\/es\/wp-json\/wp\/v2\/product_brand?post=1079"},{"taxonomy":"product_cat","embeddable":true,"href":"https:\/\/latipet.com\/es\/wp-json\/wp\/v2\/product_cat?post=1079"},{"taxonomy":"product_tag","embeddable":true,"href":"https:\/\/latipet.com\/es\/wp-json\/wp\/v2\/product_tag?post=1079"}],"curies":[{"name":"wp","href":"https:\/\/api.w.org\/{rel}","templated":true}]}}